{"id":79,"date":"2023-03-12T06:04:00","date_gmt":"2023-03-12T06:04:00","guid":{"rendered":"http:\/\/132.248.142.13\/assaneo\/?page_id=79"},"modified":"2023-03-22T02:17:09","modified_gmt":"2023-03-22T08:17:09","slug":"experimentos-activos","status":"publish","type":"page","link":"http:\/\/132.248.142.13\/assaneo\/experimentos-activos\/","title":{"rendered":""},"content":{"rendered":"\n<h2 class=\"has-text-align-center wp-block-heading\" style=\"font-size:33px\"><strong>Experimentos Activos<\/strong><\/h2>\n\n\n\n<hr class=\"wp-block-separator has-text-color has-luminous-vivid-amber-color has-alpha-channel-opacity has-luminous-vivid-amber-background-color has-background is-style-wide\"\/>\n\n\n\n<p class=\"has-text-align-center has-medium-font-size\">\u00a1<em><strong>Participa en nuestros experimentos<\/strong><\/em>!<\/p>\n\n\n\n<div style=\"height:21px\" aria-hidden=\"true\" class=\"wp-block-spacer\"><\/div>\n\n\n\n<div class=\"wp-block-columns is-layout-flex wp-container-core-columns-is-layout-1 wp-block-columns-is-layout-flex\">\n<div class=\"wp-block-column is-layout-flow wp-block-column-is-layout-flow\">\n<h3 class=\"has-text-align-center wp-block-heading\" style=\"text-transform:capitalize\"><strong>Online<\/strong><\/h3>\n\n\n\n<p>\u00a1Completa experimentos de producci\u00f3n y percepci\u00f3n del habla desde tu casa! <\/p>\n\n\n\n<p>Solo necesitas una computadora, un par de aud\u00edfonos y un sitio no muy ruidoso. En agradecimiento te daremos una gift card de amazon de un valor variable dependiendo del experimento que completes. <\/p>\n<\/div>\n\n\n\n<div class=\"wp-block-column is-layout-flow wp-block-column-is-layout-flow\">\n<h3 class=\"has-text-align-center wp-block-heading\"><strong>Presencial<\/strong><\/h3>\n\n\n\n<p>Para completar estos experimentos es necesario que te acerques al campus UNAM Juriquilla en Quer\u00e9taro. <\/p>\n\n\n\n<p>Tambi\u00e9n consisten en realizar tareas conductuales de percepci\u00f3n y producci\u00f3n del habla, algunas de ellas combinadas con registros de EEG o de resonancia magn\u00e9tica. Se otorgar\u00e1 una compensaci\u00f3n econ\u00f3mica por el desplazamiento hasta y desde el campus. <\/p>\n<\/div>\n<\/div>\n\n\n\n<hr class=\"wp-block-separator has-alpha-channel-opacity is-style-wide\"\/>\n\n\n\n<div class=\"wp-block-columns is-layout-flex wp-container-core-columns-is-layout-2 wp-block-columns-is-layout-flex\">\n<div class=\"wp-block-column is-layout-flow wp-block-column-is-layout-flow\">\n<p class=\"has-text-align-center\" style=\"font-size:16px\">Si estas interesad@ env\u00edanos un mail a: <\/p>\n\n\n\n<p class=\"has-text-align-center\" style=\"font-size:18px\"><a rel=\"noreferrer noopener\" href=\"mailto:hablab@inb.unam.mx\" target=\"_blank\"><mark><strong><mark style=\"background-color:rgba(0, 0, 0, 0)\" class=\"has-inline-color has-vivid-cyan-blue-color\">hablab@inb.unam.mx<\/mark><\/strong><\/mark><\/a><\/p>\n<\/div>\n<\/div>\n","protected":false},"excerpt":{"rendered":"<p>Experimentos Activos \u00a1Participa en nuestros experimentos! Online \u00a1Completa experimentos de producci\u00f3n y percepci\u00f3n del habla desde tu casa! Solo necesitas una computadora, un par de aud\u00edfonos y un sitio no muy ruidoso. En agradecimiento te daremos una gift card de amazon de un valor variable dependiendo del experimento que completes. Presencial Para completar estos experimentos &hellip; <\/p>\n<p class=\"link-more\"><a href=\"http:\/\/132.248.142.13\/assaneo\/experimentos-activos\/\" class=\"more-link\">Continuar leyendo<span class=\"screen-reader-text\"> &#8220;&#8221;<\/span><\/a><\/p>\n","protected":false},"author":1,"featured_media":287,"parent":0,"menu_order":0,"comment_status":"closed","ping_status":"closed","template":"","meta":{"footnotes":""},"_links":{"self":[{"href":"http:\/\/132.248.142.13\/assaneo\/wp-json\/wp\/v2\/pages\/79"}],"collection":[{"href":"http:\/\/132.248.142.13\/assaneo\/wp-json\/wp\/v2\/pages"}],"about":[{"href":"http:\/\/132.248.142.13\/assaneo\/wp-json\/wp\/v2\/types\/page"}],"author":[{"embeddable":true,"href":"http:\/\/132.248.142.13\/assaneo\/wp-json\/wp\/v2\/users\/1"}],"replies":[{"embeddable":true,"href":"http:\/\/132.248.142.13\/assaneo\/wp-json\/wp\/v2\/comments?post=79"}],"version-history":[{"count":19,"href":"http:\/\/132.248.142.13\/assaneo\/wp-json\/wp\/v2\/pages\/79\/revisions"}],"predecessor-version":[{"id":428,"href":"http:\/\/132.248.142.13\/assaneo\/wp-json\/wp\/v2\/pages\/79\/revisions\/428"}],"wp:featuredmedia":[{"embeddable":true,"href":"http:\/\/132.248.142.13\/assaneo\/wp-json\/wp\/v2\/media\/287"}],"wp:attachment":[{"href":"http:\/\/132.248.142.13\/assaneo\/wp-json\/wp\/v2\/media?parent=79"}],"curies":[{"name":"wp","href":"https:\/\/api.w.org\/{rel}","templated":true}]}}